{"id":739,"date":"2022-07-10T15:17:20","date_gmt":"2022-07-10T15:17:20","guid":{"rendered":"https:\/\/yase-farbextase.de\/?page_id=739"},"modified":"2026-03-28T12:52:34","modified_gmt":"2026-03-28T12:52:34","slug":"vor-deinem-tattootermin","status":"publish","type":"page","link":"https:\/\/yase-farbextase.de\/?page_id=739","title":{"rendered":"vor deinem tattootermin"},"content":{"rendered":"\n<p>du hast dich entschieden dich t\u00e4towowieren zu lassen und m\u00f6chtest deinen wunsch gern von mir umsetzen lassen?okay,cool!ich freu mich und gebe dir hier mal vorab ein paar tipps,wie das ganze bei mir abl\u00e4uft.<\/p>\n\n\n\n<p><\/p>\n\n\n\n<p>terminvereinbarung<\/p>\n\n\n\n<p>schau dir zuerst meine arbeiten an und entscheide dann, ob dir mein stil gef\u00e4llt, ich kann darin zwar variieren, aber es gibt auch stile die mir \u00fcberhaupt nicht liegen (wie z.b. mandalas , realismus ) und bei denen ich dir dann gern auch andere artists empfehle. mach dir ein paar gedanken wie gro\u00df (am besten cm x cm)und an welche k\u00f6rperstelle du dein tattoo gern h\u00e4ttest, ob es bunt oder in black n\u00b4grey gestochen werden soll und denk schon einmal dar\u00fcber nach ob du ein budget hast, an das ich mich beim zeichnen und der gr\u00f6\u00dfe halten soll.ich zeichne dir ein individuelles motiv, welches nur du bekommst (es sei denn, es ist mit weiteren personen abgesprochen) motive aus dem internet \u00fcbernehme ich grunds\u00e4tzlich nicht.sorry.<\/p>\n\n\n\n<p>wenn du dir damit sicher bist und sich alles safe anf\u00fchlt schreib mir gern eine nachricht mit dem namen, mit dem ich dich ansprechen kann(wenn du magst gern mit pronomen) und deiner idee,dann kl\u00e4ren wir, wann und wie wir da am besten zusammen kommen. Je mehr info\u00b4s du mir gibst, desto einfacher machst du mir den ablauf.f\u00fcr mich ist es gut zu wissen,ob du schon t\u00e4towiert bist,oder es dein erstes tattoo wird,ob du medikamente nimmst,ob erkrankungen vorliegen die zb wundheilung ider dein immunsystem beeinflussen.es hilft mir,wenn du mir beispielbilder als referenzen schickst.das k\u00f6nnen zb screenshots meiner arbeiten sein,die dir besonders gut gefallen haben.auch fotos deiner wunschstelle k\u00f6nnen mir helfen.so kann ich die k\u00f6rperform und evtl leberflecken oder narben ber\u00fccksichtigen.ich brauche immer nur fotos von der betroffenen stelle,keine kompletten nudes!wenn du dich unwohl f\u00fchlst sprich mich gern drauf an. da ich es unpers\u00f6nlich finde, verzichte ich auf terminformulare.<\/p>\n\n\n\n<p>momentan biete ich keine pers\u00f6nlichen beratungsgespr\u00e4che an, erfahrungsgem\u00e4\u00df funktioniert das aber \u00fcber schriftliche kommunikation auch wirklich ganz gut.ich verstehe,dass sich da seltsam anf\u00fchlen kannkann,gerade wenn du mich noch nicht kennst.ich funktionier nur so am besten und kann dir und deiner anfrage so am besten gerecht werden.lies dir bitte einmal meine agb\u2018s durch,denn diesen stimmst du mit einer terminvereinbarung zu.<\/p>\n\n\n\n<p><\/p>\n\n\n\n<p><\/p>\n\n\n\n<p>vorbereitung<\/p>\n\n\n\n<p>t\u00e4towiert zu werden kann f\u00fcr den k\u00f6rper eine herausforderung sein, deshalb ist es gut einige punkte zu beachten. du machst es dir etwas leichter, wenn du ausreichend schlaf hattest und gen\u00fcgend gegessen\/getrunken hast. (getr\u00e4nke und snackys darfst du gern mitbringen,ich habe immer limos ind lollis da)auch ist es ratsam den termin nicht zu sp\u00e4t am tag zu legen, wenn m\u00f6glich. je l\u00e4nger der tag war, desto gestresster kann der k\u00f6rper sein und desto mehr kann die session an die nerven gehen. komm bitte frisch geduscht. rasieren brauchst du die k\u00f6rperstelle nicht, das ist teil meines jobs und verhindert oft Hautirritationen .du brauchst dich nicht f\u00fcr deine k\u00f6rperbehaarung oder k\u00f6rperform sch\u00e4men,ich will und werde dich zu keinem zeitpunkt bewerten. achte bitte darauf, dass du nicht mit sonnenverbrannter haut zum termin kommst, da die haut sich dann erst einmal wieder regenerieren muss. auch bei krankheitssymptomen jeder art solltest du zuhause bleiben, einmal dir zu liebe, da der k\u00f6rper schon genug mit dem krank werden \/sein zu k\u00e4mpfen hat und eine t\u00e4towierung z.b. schlechter heilen k\u00f6nnte und dann mir zu liebe, krank sein bedeutet f\u00fcr mich, dass ich ausfallen muss. Du solltest 3tage komplett ohne symptome jeder art sein.solltest du chronische erkrankungen haben oder regelm\u00e4\u00dfig medikamente einnehmen sag bitte bescheid. ich bin keine freund*in von bet\u00e4ubungscremes, zudem solltest du n\u00fcchtern zum termin erscheinen.Achte bitte auf deine Klamotten,die Stelle an welche das Tattoo plaziert werden soll,sollte gut erreichbar sein. eine kurze hose macht zb sinn,wenn du dir eine stelle am bein ausgesucht hast,ein hoodie mit zipper ist supi,wenn du zu was am bauch machen willst.am besten tr\u00e4gst du lockere,\u00e4ltere und gerne nicht weisse kleidung,da es sein kann,dass sie tinte abbekommt.<\/p>\n\n\n\n<p><\/p>\n\n\n\n<p><\/p>\n\n\n\n<p><\/p>\n\n\n\n<p><\/p>\n\n\n\n<p>wir werden vorab einen preis besrpechen, der varriieren kann, da manchmal eine andere gr\u00f6\u00dfe besser aussieht oder noch \u00e4nderungen hinzukommen, ich versuche dir aber eine m\u00f6glichst genaue preisspanne zu nennen. zahlen kannst du das tattoo dann in bar oder per echtzeit\u00fcberweisung.wenn es gar nicht anders geht,ist paypal okay,aber ich nutze das eher ungerne.<\/p>\n\n\n\n<p><\/p>\n\n\n\n<p>bitte komme p\u00fcnktlich zu deinem termin,da ich danach meinen ganzen tag ausrichte.<\/p>\n\n\n\n<p><\/p>\n\n\n\n<p><\/p>\n\n\n\n<p>contentwarnungen,wohlf\u00fchlfaktor<\/p>\n\n\n\n<p><\/p>\n\n\n\n<p>damit wir uns beide wohlf\u00fchlen, werde ich dir zu beginn der session erkl\u00e4ren, dass du jederzeit eine pause machen darfst, kommunizieren sollst, wenn es dir nicht gut geht oder du dich unwohl f\u00fchlst. du musst dich nicht sch\u00e4men, falls du schmerzemfpindlich bist oder angst vor der (neuen) situation\/sitzung hast. und auch, wenn du dich gar nicht wohl f\u00fchlst, unsicher bist  oder ich dir super unsympatisch bin, hast du die m\u00f6glichkeit das zu kommunizieren, dann schauen wir gemeinsam, wie wir das l\u00f6sen.<\/p>\n\n\n\n<p>w\u00e4hrend des t\u00e4towierens k\u00f6nnen gespr\u00e4chsdynamiken entstehen, die nicht immer vorhersehbar sind. ich werde no go\u00b4s abfragen und dich bitten mir auch warnungen auszusprechen, solltest du themen mit m\u00f6glichen triggern besrpechen wollen. ich bin generell offen f\u00fcr transparente und ehrliche kommunikation und deep talks,m\u00f6chte mich aber evtl. auch vor manchem content sch\u00fctzen. alles was du m\u00f6glicherweise erz\u00e4hlst bleibt selbstverst\u00e4ndlich bei mir.mir ist ein respektvolles,gleichw\u00fcrdiges miteinander wichtig.<\/p>\n\n\n\n<p>neurodivergent?<\/p>\n\n\n\n<p>Wenn ich irgendwas beachten soll oder dir dein ankommen oder den aufenthalt einfacher machen kann\/dich supporten kann,sag mir gern bescheid und sag mir was du brauchst,um dich gut und wohl zu f\u00fchlen.ich habe auch eine kleine kiste mit stimming tools und wenn du es brauchst,k\u00f6nnen wir auch eine ganz stille session machen.sprich mich einfach an.<\/p>\n\n\n\n<p>barrierfreiheit<\/p>\n\n\n\n<p>Der laden ist leider im souterrain und es gibt 3Treppenstufen.Ich habe eine mobile Rommstuhlrampe.dann ist bis auf zwei niedrige stufen(max 7cm)alles ebenerdig.Das wc ist leider sehr eng und klein.<\/p>\n\n\n\n<p><\/p>\n\n\n\n<p><\/p>\n","protected":false},"excerpt":{"rendered":"<p>du hast dich entschieden dich t\u00e4towowieren zu lassen und m\u00f6chtest deinen wunsch gern von mir umsetzen lassen?okay,cool!ich freu mich und gebe dir hier mal vorab ein paar tipps,wie das ganze bei mir abl\u00e4uft. terminvereinbarung schau dir zuerst meine arbeiten an und entscheide dann, ob dir mein stil gef\u00e4llt, ich kann darin zwar variieren, aber es&hellip;<\/p>\n","protected":false},"author":2,"featured_media":0,"parent":0,"menu_order":0,"comment_status":"closed","ping_status":"closed","template":"","meta":{"footnotes":""},"class_list":["post-739","page","type-page","status-publish","hentry"],"_links":{"self":[{"href":"https:\/\/yase-farbextase.de\/index.php?rest_route=\/wp\/v2\/pages\/739","targetHints":{"allow":["GET"]}}],"collection":[{"href":"https:\/\/yase-farbextase.de\/index.php?rest_route=\/wp\/v2\/pages"}],"about":[{"href":"https:\/\/yase-farbextase.de\/index.php?rest_route=\/wp\/v2\/types\/page"}],"author":[{"embeddable":true,"href":"https:\/\/yase-farbextase.de\/index.php?rest_route=\/wp\/v2\/users\/2"}],"replies":[{"embeddable":true,"href":"https:\/\/yase-farbextase.de\/index.php?rest_route=%2Fwp%2Fv2%2Fcomments&post=739"}],"version-history":[{"count":14,"href":"https:\/\/yase-farbextase.de\/index.php?rest_route=\/wp\/v2\/pages\/739\/revisions"}],"predecessor-version":[{"id":1088,"href":"https:\/\/yase-farbextase.de\/index.php?rest_route=\/wp\/v2\/pages\/739\/revisions\/1088"}],"wp:attachment":[{"href":"https:\/\/yase-farbextase.de\/index.php?rest_route=%2Fwp%2Fv2%2Fmedia&parent=739"}],"curies":[{"name":"wp","href":"https:\/\/api.w.org\/{rel}","templated":true}]}}